{"id":31,"date":"2017-03-28T13:37:39","date_gmt":"2017-03-28T13:37:39","guid":{"rendered":"http:\/\/akaiesramana.com\/music\/?page_id=31"},"modified":"2019-08-20T20:53:14","modified_gmt":"2019-08-20T20:53:14","slug":"release","status":"publish","type":"page","link":"https:\/\/akaiesramana.com\/music\/release\/","title":{"rendered":"Release"},"content":{"rendered":"<p>[vc_row full_width=&#8221;stretch_row_content_no_spaces&#8221;][vc_column icons_position=&#8221;left&#8221;][rev_slider_vc alias=&#8221;release&#8221;][\/vc_column][\/vc_row][vc_row][vc_column icons_position=&#8221;left&#8221;]<div class=\"sc_layouts sc_layouts_default sc_layouts_510\">[vc_row][vc_column icons_position=\"left\"][vc_empty_space alter_height=\"huge\" hide_on_mobile=\"\" css=\".vc_custom_1495790866099{margin-top: 0.9rem !important;}\"]<div class=\"sc_layouts_item\"><div  id=\"sc_promo_2116358327\" \n\tclass=\"sc_promo color_style_default sc_promo_modern sc_promo_size_normal sc_promo_no_paddings sc_promo_image_position_left\"\n\t\t><div class=\"sc_promo_image_wrap\" style=\"width:54%;left: 0;\"><div class=\"sc_promo_image\" style=\"background-image:url(https:\/\/akaiesramana.com\/music\/wp-content\/uploads\/2017\/06\/akaie.jpg);\"><\/div><\/div><div class=\"sc_promo_text\" style=\"width: 46%;float: right;\">\n\t\t\t<div class=\"sc_promo_text_inner sc_content_width_46%\" style=\"\"><h6 class=\"sc_item_subtitle sc_promo_subtitle sc_align_left sc_item_title_style_default\">Release<\/h6><h3 class=\"sc_item_title sc_promo_title sc_align_left sc_item_title_style_default\">Akai\u00ea Sramana<\/h3><div class=\"sc_item_descr sc_promo_descr sc_align_left\"><p>Akai\u00ea Sramana \u00e9 terapeuta, instrutor de comportamento, multi-instrumentista autodidata, m\u00fasico e compositor. \u00c9 pesquisador, estudioso de culturas ancestrais, vem realizando estudos nas \u00e1reas da etnomusicologia e frequ\u00eancias sonoras atrav\u00e9s da voz, integrando a musicalidade ente\u00f3gena com a contempor\u00e2nea. <\/p>\n<p>H\u00e1 mais de 20 anos se dedica aos estudos e pr\u00e1ticas do xamanismo. Desenvolveu seu pr\u00f3prio estilo musical, atrav\u00e9s de cantos de medicina, xam\u00e2nicos, rezos, instrumentos \u00e9tnicos, embalados pelo ritmo da floresta, combinados com recursos da m\u00fasica moderna e eletr\u00f4nica. tem como destaques os \u00e1lbuns musicais \"Tributo Ancestral\", \"Urucum Vermelho\", \"Jaya Ahow\", que retratam a for\u00e7a, beleza, cura e eleva\u00e7\u00e3o de sua m\u00fasica.<\/p>\n<p>Nascido em 22 de Janeiro de 1997, no munic\u00edpio de Duque de Caxias, Akai\u00ea iniciou sua carreira musical aos sete anos de idade tocando flautas e cantos xam\u00e2nicos. Mais tarde come\u00e7ou a praticar as batidas de tambor e maracas. h\u00e1 cerca de 20 anos come\u00e7ou a se dedicar aos pr\u00f3prios cantos e desde 2009 trouxe um estudo profundo de voz e viol\u00e3o para suas performances, juntamente com a banda Jaya Ahow. Se destaca pela originalidade, versatilidade, criatividade e a musicalidade que criou, algo totalmente diferente dos cantos xam\u00e2nicos presentes no mercado musical.<\/p>\n<p>Desde o segundo semestre de 2018, Akai\u00ea Sramana foi para Goi\u00e2nia come\u00e7ar a produzir seu novo \u00e1lbum, intitulado, \u201cFloresta das Estrelas\u201d, com previs\u00e3o de lan\u00e7amento para o primeiro semestre de 2019. Este projeto promete ser um dos principais lan\u00e7amentos do meio e o mais importante de toda carreira do artista.<\/p>\n<\/div><\/div>\n\t\t<\/div><!-- \/.sc_promo_text --><\/div><!-- \/.sc_promo --><\/div>[\/vc_column][\/vc_row]<\/div>[\/vc_column][\/vc_row][vc_row full_height=&#8221;yes&#8221; equal_height=&#8221;yes&#8221;][vc_column width=&#8221;1\/6&#8243; icons_position=&#8221;left&#8221;][vc_empty_space height=&#8221;18px&#8221; hide_on_mobile=&#8221;&#8221;][vc_single_image image=&#8221;1059&#8243; img_size=&#8221;large&#8221; alignment=&#8221;center&#8221;][\/vc_column][vc_column width=&#8221;1\/6&#8243;][vc_single_image image=&#8221;968&#8243; alignment=&#8221;center&#8221;][\/vc_column][vc_column width=&#8221;1\/6&#8243;][vc_empty_space height=&#8221;18px&#8221; hide_on_mobile=&#8221;&#8221;][vc_single_image image=&#8221;1005&#8243; img_size=&#8221;large&#8221; alignment=&#8221;center&#8221;][\/vc_column][vc_column width=&#8221;1\/6&#8243;][vc_single_image image=&#8221;1075&#8243; alignment=&#8221;center&#8221;][\/vc_column][vc_column width=&#8221;1\/6&#8243;][vc_empty_space height=&#8221;18px&#8221; hide_on_mobile=&#8221;&#8221;][vc_single_image image=&#8221;1006&#8243; img_size=&#8221;medium&#8221; alignment=&#8221;center&#8221;][\/vc_column][vc_column width=&#8221;1\/6&#8243;][vc_empty_space height=&#8221;18px&#8221; hide_on_mobile=&#8221;&#8221;][vc_single_image image=&#8221;1007&#8243; img_size=&#8221;medium&#8221; alignment=&#8221;center&#8221;][\/vc_column][\/vc_row][vc_row css=&#8221;.vc_custom_1556138785525{margin-top: -15% !important;margin-right: -15% !important;margin-bottom: -15% !important;margin-left: -18% !important;}&#8221;][vc_column icons_position=&#8221;left&#8221; css=&#8221;.vc_custom_1555120455032{padding-right: 1% !important;}&#8221;]<div class=\"sc_layouts sc_layouts_default sc_layouts_566\">[vc_row full_width=\"stretch_row\"][vc_column icons_position=\"left\"]<div id=\"sc_content_61359195\"\n\t\tclass=\"sc_content color_style_default sc_content_instagram sc_float_center\"><div class=\"content-header\"><h3 class=\"sc_item_title sc_content_title sc_align_left sc_item_title_style_default\">Siga-me no Instagram <i>@akaiesramana<\/i><\/h3><a class=\"sc_button icon-untitled-4\" href=\"https:\/\/www.instagram.com\/akaiesramana\/\">Instagram<\/a><a class=\"sc_button icon-untitled-5 inv_button\" href=\"http:\/\/akaiesramana.com\/music\/galeria\/\">mais galerias<\/a><\/div><div class=\"sc_content_container\">[vc_column_text]\n<div id=\"sb_instagram\"  class=\"sbi sbi_mob_col_1 sbi_tab_col_2 sbi_col_5 sbi_width_resp\" style=\"width: 100%;\" data-feedid=\"sbi_akaiesramana#10\"  data-res=\"auto\" data-cols=\"5\" data-colsmobile=\"1\" data-colstablet=\"2\" data-num=\"10\" data-nummobile=\"\" data-item-padding=\"\" data-shortcode-atts=\"{&quot;showfollow&quot;:&quot;false&quot;,&quot;showbutton&quot;:&quot;false&quot;,&quot;showheader&quot;:&quot;false&quot;}\"  data-postid=\"31\" data-locatornonce=\"eeb5a18cdd\" data-imageaspectratio=\"1:1\" data-sbi-flags=\"favorLocal\">\n\t\n    <div id=\"sbi_images\" >\n\t\t    <\/div>\n\n\t<div id=\"sbi_load\" >\n\n\t\n\t\n<\/div>\n\n\t    <span class=\"sbi_resized_image_data\" data-feed-id=\"sbi_akaiesramana#10\" data-resized=\"[]\">\n\t<\/span>\n\t<\/div>\n\n[\/vc_column_text]<\/div><\/div><!-- \/.sc_content -->[\/vc_column][\/vc_row]<\/div>[\/vc_column][\/vc_row][vc_row][vc_column icons_position=&#8221;left&#8221; css=&#8221;.vc_custom_1555442446177{margin-top: 15% !important;}&#8221;]<div  id=\"sc_promo_1413429787\" \n\tclass=\"sc_promo color_style_default sc_promo_modern sc_promo_size_normal sc_promo_no_paddings sc_promo_image_position_right\"\n\t\t><div class=\"sc_promo_image_wrap\" style=\"width:54%;right: 0;\"><div class=\"sc_promo_image\" style=\"background-image:url(https:\/\/akaiesramana.com\/music\/wp-content\/uploads\/2019\/04\/WhatsApp-Image-2019-04-17-at-10.52.23-2.jpeg);\"><\/div><\/div><div class=\"sc_promo_text\" style=\"width: 46%;float: left;\">\n\t\t\t<div class=\"sc_promo_text_inner sc_content_width_46%\" style=\"\"><h6 class=\"sc_item_subtitle sc_promo_subtitle sc_align_left sc_item_title_style_default\">M\u00daSICA<\/h6><h3 class=\"sc_item_title sc_promo_title sc_align_left sc_item_title_style_default\">meu estilo<\/h3>                            <div\n                                class=\"sc_promo_content sc_item_content\">[vc_row_inner][vc_column_inner icons_position=&#8221;left&#8221; offset=&#8221;vc_col-md-offset-3 vc_col-md-3&#8243; css=&#8221;.vc_custom_1556203544932{margin-top: 20px !important;margin-bottom: 20px !important;margin-left: 20px !important;padding-right: 8% !important;padding-left: 8% !important;}&#8221;][vc_column_text]<\/p>\n<ul>\n<li><span style=\"vertical-align: inherit;\"><span style=\"vertical-align: inherit;\">Instrumental<\/span><\/span><\/li>\n<li><span style=\"vertical-align: inherit;\"><span style=\"vertical-align: inherit;\">\u00c9TNICA<\/span><\/span><\/li>\n<li><span style=\"vertical-align: inherit;\"><span style=\"vertical-align: inherit;\">ENTE\u00d3GENA<\/span><\/span><\/li>\n<li><span style=\"vertical-align: inherit;\"><span style=\"vertical-align: inherit;\">XAM\u00c2NICA<\/span><\/span><\/li>\n<li>INDIANA<\/li>\n<li><span style=\"vertical-align: inherit;\"><span style=\"vertical-align: inherit;\">ELETR\u00d4NICA<\/span><\/span><\/li>\n<\/ul>\n<p>[\/vc_column_text][vc_empty_space alter_height=&#8221;medium&#8221; hide_on_mobile=&#8221;&#8221; css=&#8221;.vc_custom_1496221074125{margin-top: 0.5rem !important;}&#8221;]<a href=\"https:\/\/soundcloud.com\/akaiesramana\" id=\"sc_button_534126037\" class=\"sc_button color_style_default sc_button_default sc_button_size_normal sc_button_icon_left\"><span class=\"sc_button_text\"><span class=\"sc_button_title\">Soundcloud<\/span><\/span><!-- \/.sc_button_text --><\/a><!-- \/.sc_button -->[\/vc_column_inner][\/vc_row_inner]<\/div><\/div>\n\t\t<\/div><!-- \/.sc_promo_text --><\/div><!-- \/.sc_promo -->[vc_empty_space alter_height=&#8221;huge&#8221; hide_on_mobile=&#8221;&#8221; css=&#8221;.vc_custom_1556203772661{margin-top: -0.1rem !important;margin-bottom: 10px !important;}&#8221;][\/vc_column][\/vc_row][vc_row full_width=&#8221;stretch_row&#8221; css=&#8221;.vc_custom_1490950908159{background-image: url(http:\/\/akaiesramana.com\/music\/wp-content\/uploads\/2017\/03\/bg-2.jpg?id=275) !important;background-position: center !important;background-repeat: no-repeat !important;background-size: cover !important;}&#8221;][vc_column icons_position=&#8221;left&#8221; offset=&#8221;vc_hidden-xs&#8221;]<div id=\"sc_title_1757877599\"\n\t\tclass=\"sc_title color_style_default sc_title_default\"><h6 class=\"sc_item_subtitle sc_title_subtitle sc_align_center sc_item_title_style_default\">Legado<\/h6><h1 class=\"sc_item_title sc_title_title sc_align_center sc_item_title_style_default sc_item_title_tag\">Meus \u00c1lbuns<\/h1><\/div><!-- \/.sc_title -->[vc_empty_space height=&#8221;62px&#8221; alter_height=&#8221;medium&#8221; hide_on_mobile=&#8221;&#8221; css=&#8221;.vc_custom_1556201932985{margin: 5px !important;}&#8221;]<div class=\"cq-draggable-container \" data-draggingbarbgcolor=\"#bc9e6c\" data-defaultbarbgcolor=\"#bc9e6c\" data-avatarstyle=\"text\" data-activeiconcolor=\"\" data-autoplay=\"no\" data-autoplayspeed=\"\" data-labelcolor=\"#ffffff\" data-dragbuttonwidth=\"\" data-contaienrwidth=\"\"><div class=\"cq-draggable-slider\"><div class=\"cq-draggable-stripe\"><div class=\"cq-draggable-handle\"><div class=\"cq-infobox red\"><div class=\"cq-titlecontainer\"><\/div><div class=\"cq-innerbox\"><div class=\"cq-carouselcontainer\"><div class=\"cq-carouselcontent\">\n<h3>O CHAMADO DO XAM\u00c3<\/h3>\n<p>Chamado do Xam\u00e3 \u00e9 um convite da natureza para que possamos reconhecer a grandeza das medicinas ancestrais no contexto da consagra\u00e7\u00e3o.<\/p>\n\n<\/div><div class=\"cq-carouselcontent\">\n<h3>JAYA AHOW<\/h3>\n<p>Jaya\u00a0Ahow\u00a0retrata os c\u00e2nticos sagrados da ALDEIA DE SHIVA. Ilustra o cerimonial do in\u00edcio ao encerramento da consagra\u00e7\u00e3o.<\/p>\n\n<\/div><div class=\"cq-carouselcontent\">\n<h3>URUCUM VERMELHO<\/h3>\n<p>\u00e1lbum musical Urucum Vermelho apresenta um breve repert\u00f3rio da musicalidade regional e ind\u00edgena da cultura\u00a0ayahuasqueira.<\/p>\n\n<\/div><div class=\"cq-carouselcontent\">\n<h3>CANTO ANCESTRAL<\/h3>\n<p>Canto Ancestral resgata a musicalidade fundamental do xamanismo atrav\u00e9s dos instrumentos e cantos \u00e9tnicos.<\/p>\n\n<\/div><div class=\"cq-carouselcontent\">\n<h3>FLAUTAS XAM\u00c2NICA<\/h3>\n<p>Esse \u00e1lbum marca o ritmo dos cantos ancestrais atrav\u00e9s das flautas xam\u00e2nicas, conhecido como instrumento do vento.<\/p>\n\n<\/div><div class=\"cq-carouselcontent\">\n<h3>TRIBUTO ANCESTRAL<\/h3>\n<p>Esse \u00e1lbum \u00e9 um Tributo Ancestral, uma homenagem dedicada ao Mestre Xam\u00e3 PENA BRANCA, protetor e mentor espiritual de\u00a0Akai\u00ea\u00a0Sramana.<\/p>\n\n<\/div><div class=\"cq-carouselcontent\">\n<h3>JORNADA XAM\u00c2NICA<\/h3>\n<p>Esse \u00e1lbum retrata o ritmo e as batidas das Jornadas\u00a0Xam\u00e2nicas\u00a0e serve como um guia para as pr\u00e1ticas.<\/p>\n\n<\/div><div class=\"cq-carouselcontent\">\n<h3>FLAUTAS NATIVAS<\/h3>\n<p>\u00e1lbum\u00a0musical Flautas Nativas \u00e9 um convite do irm\u00e3o vento, para que possamos resgatar a beleza da natureza, mantendo a conex\u00e3o com o cora\u00e7\u00e3o.<\/p>\n\n<\/div><div class=\"cq-carouselcontent\">\n<h3>FLORESTA DAS ESTRELAS<\/h3>\n<p>Esse \u00e1lbum marca o surgimento da nova musicalidade da Floresta. Conectando os ritmos da m\u00fasica\u00a0ente\u00f3gena\u00a0com a contempor\u00e2nea, para\u00a0que\u00a0 todas\u00a0as idades possam conhecer a beleza das medicinas\u00a0xam\u00e2nicas.<\/p>\n\n<p><\/div><\/div><\/div><\/div><div class=\"cq-menu-square\">\n                            <span class=\"value\"><\/span>\n                            <span class=\"cq-menu-line\"><\/span>\n                            <span class=\"cq-menu-line\"><\/span>\n                            <span class=\"cq-menu-line\"><\/span>\n                      <\/div><\/div><\/div><div class=\"cq-barcontainer\"><div class=\"cq-highlight-container text\"><span class=\"cq-highlight-label\">2011<\/span><\/div><div class=\"cq-highlight-container text\"><span class=\"cq-highlight-label\">2012<\/span><\/div><div class=\"cq-highlight-container text\"><span class=\"cq-highlight-label\">2012<\/span><\/div><div class=\"cq-highlight-container text\"><span class=\"cq-highlight-label\">2018<\/span><\/div><div class=\"cq-highlight-container text\"><span class=\"cq-highlight-label\">2018<\/span><\/div><div class=\"cq-highlight-container text\"><span class=\"cq-highlight-label\">2018<\/span><\/div><div class=\"cq-highlight-container text\"><span class=\"cq-highlight-label\">2018<\/span><\/div><div class=\"cq-highlight-container text\"><span class=\"cq-highlight-label\">2019<\/span><\/div><div class=\"cq-highlight-container text\"><span class=\"cq-highlight-label\">2019<\/span><\/div><\/div><\/div><\/div>[vc_btn title=&#8221;SAIBA MAIS &#8221; style=&#8221;custom&#8221; custom_background=&#8221;#bc9e6c&#8221; custom_text=&#8221;#ffffff&#8221; align=&#8221;center&#8221; link=&#8221;url:http%3A%2F%2Fakaiesramana.com%2Fmusic%2Fdiscografia%2F|||&#8221;][\/vc_column][\/vc_row]<\/p>\n","protected":false},"excerpt":{"rendered":"<p>[vc_row full_width=&#8221;stretch_row_content_no_spaces&#8221;][vc_column icons_position=&#8221;left&#8221;][rev_slider_vc alias=&#8221;release&#8221;][\/vc_column][\/vc_row][vc_row][vc_column icons_position=&#8221;left&#8221;][\/vc_column][\/vc_row][vc_row full_height=&#8221;yes&#8221; equal_height=&#8221;yes&#8221;][vc_column width=&#8221;1\/6&#8243; icons_position=&#8221;left&#8221;][vc_empty_space height=&#8221;18px&#8221; hide_on_mobile=&#8221;&#8221;][vc_single_image image=&#8221;1059&#8243; img_size=&#8221;large&#8221; alignment=&#8221;center&#8221;][\/vc_column][vc_column width=&#8221;1\/6&#8243;][vc_single_image image=&#8221;968&#8243; alignment=&#8221;center&#8221;][\/vc_column][vc_column width=&#8221;1\/6&#8243;][vc_empty_space height=&#8221;18px&#8221; hide_on_mobile=&#8221;&#8221;][vc_single_image image=&#8221;1005&#8243; img_size=&#8221;large&#8221; alignment=&#8221;center&#8221;][\/vc_column][vc_column width=&#8221;1\/6&#8243;][vc_single_image image=&#8221;1075&#8243; alignment=&#8221;center&#8221;][\/vc_column][vc_column width=&#8221;1\/6&#8243;][vc_empty_space height=&#8221;18px&#8221; hide_on_mobile=&#8221;&#8221;][vc_single_image image=&#8221;1006&#8243; img_size=&#8221;medium&#8221; alignment=&#8221;center&#8221;][\/vc_column][vc_column width=&#8221;1\/6&#8243;][vc_empty_space height=&#8221;18px&#8221; hide_on_mobile=&#8221;&#8221;][vc_single_image image=&#8221;1007&#8243; img_size=&#8221;medium&#8221; alignment=&#8221;center&#8221;][\/vc_column][\/vc_row][vc_row css=&#8221;.vc_custom_1556138785525{margin-top: -15% !important;margin-right: -15% !important;margin-bottom: -15% !important;margin-left: -18% !important;}&#8221;][vc_column icons_position=&#8221;left&#8221; css=&#8221;.vc_custom_1555120455032{padding-right: 1% !important;}&#8221;][\/vc_column][\/vc_row][vc_row][vc_column icons_position=&#8221;left&#8221; css=&#8221;.vc_custom_1555442446177{margin-top: 15% !important;}&#8221;][vc_empty_space alter_height=&#8221;huge&#8221; hide_on_mobile=&#8221;&#8221; css=&#8221;.vc_custom_1556203772661{margin-top: -0.1rem !important;margin-bottom:&hellip;<\/p>\n","protected":false},"author":1,"featured_media":0,"parent":0,"menu_order":0,"comment_status":"closed","ping_status":"open","template":"","meta":[],"_links":{"self":[{"href":"https:\/\/akaiesramana.com\/music\/wp-json\/wp\/v2\/pages\/31"}],"collection":[{"href":"https:\/\/akaiesramana.com\/music\/wp-json\/wp\/v2\/pages"}],"about":[{"href":"https:\/\/akaiesramana.com\/music\/wp-json\/wp\/v2\/types\/page"}],"author":[{"embeddable":true,"href":"https:\/\/akaiesramana.com\/music\/wp-json\/wp\/v2\/users\/1"}],"replies":[{"embeddable":true,"href":"https:\/\/akaiesramana.com\/music\/wp-json\/wp\/v2\/comments?post=31"}],"version-history":[{"count":140,"href":"https:\/\/akaiesramana.com\/music\/wp-json\/wp\/v2\/pages\/31\/revisions"}],"predecessor-version":[{"id":2434,"href":"https:\/\/akaiesramana.com\/music\/wp-json\/wp\/v2\/pages\/31\/revisions\/2434"}],"wp:attachment":[{"href":"https:\/\/akaiesramana.com\/music\/wp-json\/wp\/v2\/media?parent=31"}],"curies":[{"name":"wp","href":"https:\/\/api.w.org\/{rel}","templated":true}]}}