{"id":39,"date":"2017-03-28T13:39:19","date_gmt":"2017-03-28T13:39:19","guid":{"rendered":"http:\/\/akaiesramana.com\/music\/?page_id=39"},"modified":"2019-05-15T23:49:34","modified_gmt":"2019-05-15T23:49:34","slug":"makingof","status":"publish","type":"page","link":"https:\/\/akaiesramana.com\/music\/makingof\/","title":{"rendered":"Making Of"},"content":{"rendered":"<p>[vc_row full_width=&#8221;stretch_row_content_no_spaces&#8221;][vc_column][rev_slider_vc alias=&#8221;makingof&#8221;][\/vc_column][\/vc_row][vc_row full_width=&#8221;stretch_row&#8221;][vc_column width=&#8221;1\/2&#8243;]<div id=\"widget_video_966883656\" class=\"widget_area sc_widget_video vc_widget_video wpb_content_element\"><aside id=\"widget_video_966883656_widget\" class=\"widget widget_video\"><h5 class=\"widget_title\">AKAI\u00ca SRAMANA \u00bb Can\u00e7\u00e3o Gavi\u00e3o Real do Astral \u00bb LKS<\/h5><div id=\"sc_video_1659572979\" class=\"trx_addons_video_player without_cover\"><div class=\"video_embed video_frame\"><iframe width=\"1170\" height=\"658\" src=\"https:\/\/www.youtube.com\/embed\/yru49g2qW-s?feature=oembed\" frameborder=\"0\" allow=\"accelerometer; autoplay; encrypted-media; gyroscope; picture-in-picture\" allowfullscreen><\/iframe><\/div><\/div><\/aside><\/div>[vc_empty_space alter_height=&#8221;large&#8221; hide_on_mobile=&#8221;&#8221; css=&#8221;.vc_custom_1495699809897{margin-bottom: 0.7rem !important;}&#8221;][\/vc_column][vc_column width=&#8221;1\/2&#8243;]<div id=\"widget_video_1616270330\" class=\"widget_area sc_widget_video vc_widget_video wpb_content_element\"><aside id=\"widget_video_1616270330_widget\" class=\"widget widget_video\"><h5 class=\"widget_title\">AKAI\u00ca SRAMANA &#8211; TEASER 2 FOUR4KEY PRODU\u00c7\u00d5ES<\/h5><div id=\"sc_video_1739246873\" class=\"trx_addons_video_player without_cover\"><div class=\"video_embed video_frame\"><iframe width=\"1170\" height=\"658\" src=\"https:\/\/www.youtube.com\/embed\/60Z8r4tczEg?feature=oembed\" frameborder=\"0\" allow=\"accelerometer; autoplay; encrypted-media; gyroscope; picture-in-picture\" allowfullscreen><\/iframe><\/div><\/div><\/aside><\/div>[vc_empty_space alter_height=&#8221;large&#8221; hide_on_mobile=&#8221;&#8221; css=&#8221;.vc_custom_1495699809897{margin-bottom: 0.7rem !important;}&#8221;][\/vc_column][\/vc_row][vc_row full_width=&#8221;stretch_row&#8221;][vc_column width=&#8221;1\/2&#8243;]<div id=\"widget_video_1359486314\" class=\"widget_area sc_widget_video vc_widget_video wpb_content_element\"><aside id=\"widget_video_1359486314_widget\" class=\"widget widget_video\"><h5 class=\"widget_title\">Akai\u00ea Sramana &#8211; Teaser Four Key Produ\u00e7\u00f5es<\/h5><div id=\"sc_video_363813504\" class=\"trx_addons_video_player without_cover\"><div class=\"video_embed video_frame\"><iframe width=\"1170\" height=\"658\" src=\"https:\/\/www.youtube.com\/embed\/2kmWfEcjZ48?feature=oembed\" frameborder=\"0\" allow=\"accelerometer; autoplay; encrypted-media; gyroscope; picture-in-picture\" allowfullscreen><\/iframe><\/div><\/div><\/aside><\/div>[vc_empty_space alter_height=&#8221;large&#8221; hide_on_mobile=&#8221;&#8221; css=&#8221;.vc_custom_1495699809897{margin-bottom: 0.7rem !important;}&#8221;][\/vc_column][vc_column width=&#8221;1\/2&#8243;]<div id=\"widget_video_102194542\" class=\"widget_area sc_widget_video vc_widget_video wpb_content_element\"><aside id=\"widget_video_102194542_widget\" class=\"widget widget_video\"><h5 class=\"widget_title\">PROCESSO DE PRODU\u00c7\u00c3O MUSICAL DO NOVO CD<\/h5><div id=\"sc_video_1860004225\" class=\"trx_addons_video_player without_cover\"><div class=\"video_embed video_frame\"><iframe width=\"1170\" height=\"658\" src=\"https:\/\/www.youtube.com\/embed\/ZY6R7GXhzrI?feature=oembed\" frameborder=\"0\" allow=\"accelerometer; autoplay; encrypted-media; gyroscope; picture-in-picture\" allowfullscreen><\/iframe><\/div><\/div><\/aside><\/div>[vc_empty_space alter_height=&#8221;large&#8221; hide_on_mobile=&#8221;&#8221; css=&#8221;.vc_custom_1495699809897{margin-bottom: 0.7rem !important;}&#8221;][\/vc_column][\/vc_row][vc_row full_width=&#8221;stretch_row&#8221;][vc_column][vc_row_inner][vc_column_inner width=&#8221;1\/2&#8243;]<div id=\"widget_video_602788769\" class=\"widget_area sc_widget_video vc_widget_video wpb_content_element\"><aside id=\"widget_video_602788769_widget\" class=\"widget widget_video\"><h5 class=\"widget_title\">AKAI\u00ca SRAMANA \u00bb \u00daLTIMO MAKING OF 2018<\/h5><div id=\"sc_video_2138687799\" class=\"trx_addons_video_player without_cover\"><div class=\"video_embed video_frame\"><iframe width=\"1170\" height=\"658\" src=\"https:\/\/www.youtube.com\/embed\/ISnEUwuuvys?feature=oembed\" frameborder=\"0\" allow=\"accelerometer; autoplay; encrypted-media; gyroscope; picture-in-picture\" allowfullscreen><\/iframe><\/div><\/div><\/aside><\/div>[vc_empty_space alter_height=&#8221;large&#8221; hide_on_mobile=&#8221;&#8221; css=&#8221;.vc_custom_1495699809897{margin-bottom: 0.7rem !important;}&#8221;][\/vc_column_inner][vc_column_inner width=&#8221;1\/2&#8243;]<div id=\"widget_video_427176718\" class=\"widget_area sc_widget_video vc_widget_video wpb_content_element\"><aside id=\"widget_video_427176718_widget\" class=\"widget widget_video\"><h5 class=\"widget_title\">AKAI\u00ca SRAMANA \u00bb TEASER &#8220;GAVI\u00c3O REAL BRANCO&#8220; <\/h5><div id=\"sc_video_431314885\" class=\"trx_addons_video_player without_cover\"><div class=\"video_embed video_frame\"><iframe width=\"1170\" height=\"658\" src=\"https:\/\/www.youtube.com\/embed\/uenBvkc8FEM?feature=oembed\" frameborder=\"0\" allow=\"accelerometer; autoplay; encrypted-media; gyroscope; picture-in-picture\" allowfullscreen><\/iframe><\/div><\/div><\/aside><\/div>[vc_empty_space alter_height=&#8221;large&#8221; hide_on_mobile=&#8221;&#8221; css=&#8221;.vc_custom_1495699809897{margin-bottom: 0.7rem !important;}&#8221;][\/vc_column_inner][\/vc_row_inner]<div class=\"sc_item_button sc_button_wrap sc_align_center\"><a href=\"https:\/\/www.youtube.com\/channel\/UCPMJy-7wfNbyIGNmAytY50g\" id=\"sc_button_1161122072\" class=\"sc_button color_style_default sc_button_default sc_button_size_normal sc_button_icon_left\"><span class=\"sc_button_text\"><span class=\"sc_button_title\">Veja mais<\/span><\/span><!-- \/.sc_button_text --><\/a><!-- \/.sc_button --><\/div><!-- \/.sc_item_button -->[\/vc_column][\/vc_row]<\/p>\n","protected":false},"excerpt":{"rendered":"<p>[vc_row full_width=&#8221;stretch_row_content_no_spaces&#8221;][vc_column][rev_slider_vc alias=&#8221;makingof&#8221;][\/vc_column][\/vc_row][vc_row full_width=&#8221;stretch_row&#8221;][vc_column width=&#8221;1\/2&#8243;][vc_empty_space alter_height=&#8221;large&#8221; hide_on_mobile=&#8221;&#8221; css=&#8221;.vc_custom_1495699809897{margin-bottom: 0.7rem !important;}&#8221;][\/vc_column][vc_column width=&#8221;1\/2&#8243;][vc_empty_space alter_height=&#8221;large&#8221; hide_on_mobile=&#8221;&#8221; css=&#8221;.vc_custom_1495699809897{margin-bottom: 0.7rem !important;}&#8221;][\/vc_column][\/vc_row][vc_row full_width=&#8221;stretch_row&#8221;][vc_column width=&#8221;1\/2&#8243;][vc_empty_space alter_height=&#8221;large&#8221; hide_on_mobile=&#8221;&#8221; css=&#8221;.vc_custom_1495699809897{margin-bottom: 0.7rem !important;}&#8221;][\/vc_column][vc_column width=&#8221;1\/2&#8243;][vc_empty_space alter_height=&#8221;large&#8221; hide_on_mobile=&#8221;&#8221; css=&#8221;.vc_custom_1495699809897{margin-bottom: 0.7rem !important;}&#8221;][\/vc_column][\/vc_row][vc_row full_width=&#8221;stretch_row&#8221;][vc_column][vc_row_inner][vc_column_inner width=&#8221;1\/2&#8243;][vc_empty_space alter_height=&#8221;large&#8221; hide_on_mobile=&#8221;&#8221; css=&#8221;.vc_custom_1495699809897{margin-bottom: 0.7rem !important;}&#8221;][\/vc_column_inner][vc_column_inner width=&#8221;1\/2&#8243;][vc_empty_space alter_height=&#8221;large&#8221; hide_on_mobile=&#8221;&#8221; css=&#8221;.vc_custom_1495699809897{margin-bottom: 0.7rem !important;}&#8221;][\/vc_column_inner][\/vc_row_inner][\/vc_column][\/vc_row]<\/p>\n","protected":false},"author":1,"featured_media":0,"parent":0,"menu_order":0,"comment_status":"closed","ping_status":"closed","template":"","meta":[],"_links":{"self":[{"href":"https:\/\/akaiesramana.com\/music\/wp-json\/wp\/v2\/pages\/39"}],"collection":[{"href":"https:\/\/akaiesramana.com\/music\/wp-json\/wp\/v2\/pages"}],"about":[{"href":"https:\/\/akaiesramana.com\/music\/wp-json\/wp\/v2\/types\/page"}],"author":[{"embeddable":true,"href":"https:\/\/akaiesramana.com\/music\/wp-json\/wp\/v2\/users\/1"}],"replies":[{"embeddable":true,"href":"https:\/\/akaiesramana.com\/music\/wp-json\/wp\/v2\/comments?post=39"}],"version-history":[{"count":24,"href":"https:\/\/akaiesramana.com\/music\/wp-json\/wp\/v2\/pages\/39\/revisions"}],"predecessor-version":[{"id":1262,"href":"https:\/\/akaiesramana.com\/music\/wp-json\/wp\/v2\/pages\/39\/revisions\/1262"}],"wp:attachment":[{"href":"https:\/\/akaiesramana.com\/music\/wp-json\/wp\/v2\/media?parent=39"}],"curies":[{"name":"wp","href":"https:\/\/api.w.org\/{rel}","templated":true}]}}