{"id":757,"date":"2019-04-15T14:32:27","date_gmt":"2019-04-15T14:32:27","guid":{"rendered":"http:\/\/akaiesramana.com\/music\/?page_id=757"},"modified":"2019-04-16T22:01:18","modified_gmt":"2019-04-16T22:01:18","slug":"discografia","status":"publish","type":"page","link":"https:\/\/akaiesramana.com\/music\/discografia\/","title":{"rendered":"Discografia"},"content":{"rendered":"<p>[vc_row full_width=&#8221;stretch_row_content_no_spaces&#8221;][vc_column][rev_slider_vc alias=&#8221;discografia&#8221;][\/vc_column][\/vc_row][vc_row][vc_column]<div class=\"sc_layouts sc_layouts_default sc_layouts_761\">[vc_row full_width=\"stretch_row_content\" full_height=\"yes\" css=\".vc_custom_1557964428208{margin-right: 3% !important;margin-left: 3% !important;}\"][vc_column width=\"7\/12\" icons_position=\"left\"][vc_single_image image=\"774\" img_size=\"full\" alignment=\"right\"]<div id=\"sc_content_1594645903\"\n\t\tclass=\"sc_content color_style_default sc_content_default sc_float_center\"><div class=\"sc_content_container\">[vc_row_inner][vc_column_inner width=\"1\/4\" icons_position=\"left\"][vc_empty_space hide_on_mobile=\"\"][\/vc_column_inner][vc_column_inner width=\"1\/2\" icons_position=\"left\"][vc_empty_space hide_on_mobile=\"\"][\/vc_column_inner][\/vc_row_inner]<\/div><\/div><!-- \/.sc_content -->[\/vc_column][vc_column width=\"5\/12\" icons_position=\"left\" css=\".vc_custom_1558020622016{margin-top: 20% !important;}\"][vc_column_text]\r\n<h4 style=\"text-align: left;\"><span style=\"color: #e9c79b;\"><strong><span style=\"vertical-align: inherit;\">FLORESTA DAS ESTRELAS - 2019<\/span><\/strong><\/span><\/h4>\r\n[\/vc_column_text][vc_column_text]\r\n<p style=\"text-align: left;\"><span style=\"color: #e9c79b;\">Esse \u00e1lbum marca o surgimento da nova musicalidade da Floresta. Conectando os ritmos da m\u00fasica ente\u00f3gena com a contempor\u00e2nea, para que todas as idades possam conhecer a beleza das medicinas xam\u00e2nicas.<\/span><\/p>\r\n[\/vc_column_text][vc_empty_space height=\"50px\" hide_on_mobile=\"\"][vc_btn title=\"COMPRAR\" color=\"chino\" link=\"url:http%3A%2F%2Fakaiesramana.com%2Fmusic%2Fproduto%2Ffloresta-das-estrelas%2F||target:%20_blank|\"][\/vc_column][\/vc_row][vc_row full_width=\"stretch_row_content\" full_height=\"yes\" row_delimiter=\"\" row_fixed=\"\" hide_on_tablet=\"\" hide_on_mobile=\"\" hide_on_frontpage=\"\"][vc_column width=\"7\/12\" icons_position=\"left\"][vc_single_image image=\"782\" img_size=\"full\" alignment=\"right\"]<div id=\"sc_content_1661235746\"\n\t\tclass=\"sc_content color_style_default sc_content_default sc_float_center\"><div class=\"sc_content_container\">[vc_row_inner][vc_column_inner width=\"1\/4\" icons_position=\"left\"][vc_empty_space hide_on_mobile=\"\"][\/vc_column_inner][vc_column_inner width=\"1\/2\" icons_position=\"left\"][vc_empty_space hide_on_mobile=\"\"][\/vc_column_inner][\/vc_row_inner]<\/div><\/div><!-- \/.sc_content -->[\/vc_column][vc_column width=\"5\/12\" icons_position=\"left\" css=\".vc_custom_1558027603492{margin-top: 20% !important;}\"][vc_column_text]\r\n<h4 style=\"text-align: left;\"><span style=\"color: #bf732c;\">FLAUTAS NATIVAS\r\nCANTOS SAGRADOS<\/span><\/h4>\r\n[\/vc_column_text][vc_column_text]<span style=\"color: #bf732c;\"><span style=\"vertical-align: inherit;\"><span style=\"vertical-align: inherit;\">O \u00e1lbum musical Flautas Nativas \u00e9 um convite do irm\u00e3o vento, para que possamos resgatar a beleza da natureza, mantendo a conex\u00e3o com o cora\u00e7\u00e3o.<\/span><\/span><\/span>[\/vc_column_text][vc_empty_space height=\"50px\" hide_on_mobile=\"\"][vc_btn title=\"COMPRE\" color=\"orange\" link=\"url:http%3A%2F%2Fakaiesramana.com%2Fmusic%2Fproduto%2Fflautas-nativas%2F||target:%20_blank|\"][\/vc_column][\/vc_row][vc_row][vc_column icons_position=\"left\"][vc_empty_space height=\"50\" hide_on_mobile=\"\"][\/vc_column][\/vc_row][vc_row full_width=\"stretch_row_content\" full_height=\"yes\" parallax=\"content-moving\" css=\".vc_custom_1555445276851{margin-top: -11% !important;}\"][vc_column width=\"7\/12\" icons_position=\"left\"][vc_single_image image=\"790\" img_size=\"full\" alignment=\"right\"]<div id=\"sc_content_516265549\"\n\t\tclass=\"sc_content color_style_default sc_content_default sc_float_center\"><div class=\"sc_content_container\">[vc_row_inner][vc_column_inner width=\"1\/4\" icons_position=\"left\"][vc_empty_space hide_on_mobile=\"\"][\/vc_column_inner][vc_column_inner width=\"1\/2\" icons_position=\"left\"][vc_empty_space hide_on_mobile=\"\"][\/vc_column_inner][\/vc_row_inner]<\/div><\/div><!-- \/.sc_content -->[\/vc_column][vc_column width=\"5\/12\" icons_position=\"left\" css=\".vc_custom_1558027352644{margin-top: 20% !important;}\"][vc_column_text]\r\n<h4 style=\"text-align: left;\"><span style=\"color: #bbc6cf;\">FLAUTAS XAM\u00c2NICAS\r\n<\/span><\/h4>\r\n[\/vc_column_text][vc_column_text]Esse \u00e1lbum marca o ritmo dos cantos ancestrais atrav\u00e9s das flautas xam\u00e2nicas, conhecido como instrumento do vento.[\/vc_column_text][vc_empty_space height=\"50px\" hide_on_mobile=\"\"][vc_btn title=\"COMPRE\" link=\"url:http%3A%2F%2Fakaiesramana.com%2Fmusic%2Fproduto%2Fflautasxamanicas%2F||target:%20_blank|\"][\/vc_column][\/vc_row][vc_row][vc_column icons_position=\"left\"][vc_empty_space height=\"50\" hide_on_mobile=\"\"][\/vc_column][\/vc_row][vc_row full_width=\"stretch_row_content\" full_height=\"yes\" parallax=\"content-moving\" css=\".vc_custom_1555445263669{margin-top: -11% !important;}\"][vc_column width=\"7\/12\" icons_position=\"left\"][vc_single_image image=\"792\" img_size=\"full\" alignment=\"right\"]<div id=\"sc_content_1328230399\"\n\t\tclass=\"sc_content color_style_default sc_content_default sc_float_center\"><div class=\"sc_content_container\">[vc_row_inner][vc_column_inner width=\"1\/4\" icons_position=\"left\"][vc_empty_space hide_on_mobile=\"\"][\/vc_column_inner][vc_column_inner width=\"1\/2\" icons_position=\"left\"][vc_empty_space hide_on_mobile=\"\"][\/vc_column_inner][\/vc_row_inner]<\/div><\/div><!-- \/.sc_content -->[\/vc_column][vc_column width=\"5\/12\" icons_position=\"left\" css=\".vc_custom_1558027755541{margin-top: 20% !important;}\"][vc_column_text]\r\n<h4 style=\"text-align: left;\"><span style=\"color: #eadfc7;\">CANTO ANCESTRAL\r\n(CERIM\u00d4NIA XAM\u00c2NICA)<\/span><\/h4>\r\n[\/vc_column_text][vc_empty_space height=\"50px\" hide_on_mobile=\"\"][vc_column_text]<span style=\"color: #eadfc7;\">Canto Ancestral resgata a musicalidade fundamental do xamanismo atrav\u00e9s dos instrumentos e cantos \u00e9tnicos. <\/span>\r\n\r\n[\/vc_column_text][vc_btn title=\"COMPRE\" color=\"chino\" link=\"url:http%3A%2F%2Fakaiesramana.com%2Fmusic%2Fproduto%2Fcanto-ancestral%2F||target:%20_blank|\"][\/vc_column][\/vc_row][vc_row][vc_column icons_position=\"left\"][vc_empty_space height=\"50\" hide_on_mobile=\"\"][\/vc_column][\/vc_row][vc_row full_width=\"stretch_row_content\" full_height=\"yes\" parallax=\"content-moving\" css=\".vc_custom_1555445249138{margin-top: -11% !important;}\"][vc_column width=\"7\/12\" icons_position=\"left\"][vc_single_image image=\"793\" img_size=\"full\" alignment=\"right\"]<div id=\"sc_content_1852444376\"\n\t\tclass=\"sc_content color_style_default sc_content_default sc_float_center\"><div class=\"sc_content_container\">[vc_row_inner][vc_column_inner width=\"1\/4\" icons_position=\"left\"][vc_empty_space hide_on_mobile=\"\"][\/vc_column_inner][vc_column_inner width=\"1\/2\" icons_position=\"left\"][vc_empty_space hide_on_mobile=\"\"][\/vc_column_inner][\/vc_row_inner]<\/div><\/div><!-- \/.sc_content -->[\/vc_column][vc_column width=\"5\/12\" icons_position=\"left\" css=\".vc_custom_1558027787127{margin-top: 20% !important;}\"][vc_column_text]\r\n<h4 style=\"text-align: left;\"><span style=\"color: #fff1f1;\">JORNADAS XAM\u00c2NICAS<\/span><\/h4>\r\n[\/vc_column_text][vc_column_text]<span style=\"color: #fff1f1;\">Esse \u00e1lbum retrata o ritmo e as batidas das Jornadas Xam\u00e2nicas e serve como um guia para as pr\u00e1ticas.<\/span>[\/vc_column_text][vc_empty_space height=\"50px\" hide_on_mobile=\"\"][vc_btn title=\"COMPRE\" link=\"url:http%3A%2F%2Fakaiesramana.com%2Fmusic%2Fproduto%2Fjornadas-xamanicas%2F||target:%20_blank|\"][\/vc_column][\/vc_row][vc_row][vc_column icons_position=\"left\"][vc_empty_space height=\"50\" hide_on_mobile=\"\"][\/vc_column][\/vc_row][vc_row full_width=\"stretch_row_content\" full_height=\"yes\" parallax=\"content-moving\" css=\".vc_custom_1555445233405{margin-top: -11% !important;}\"][vc_column width=\"7\/12\" icons_position=\"left\"][vc_single_image image=\"794\" img_size=\"full\" alignment=\"right\"]<div id=\"sc_content_1367020852\"\n\t\tclass=\"sc_content color_style_default sc_content_default sc_float_center\"><div class=\"sc_content_container\">[vc_row_inner][vc_column_inner width=\"1\/4\" icons_position=\"left\"][vc_empty_space hide_on_mobile=\"\"][\/vc_column_inner][vc_column_inner width=\"1\/2\" icons_position=\"left\"][vc_empty_space hide_on_mobile=\"\"][\/vc_column_inner][\/vc_row_inner]<\/div><\/div><!-- \/.sc_content -->[\/vc_column][vc_column width=\"5\/12\" icons_position=\"left\" css=\".vc_custom_1558027838954{margin-top: 20% !important;}\"][vc_column_text]\r\n<h4 style=\"text-align: left;\"><span style=\"color: #ffffff;\">TRIBUTO ANCESTRAL<\/span><\/h4>\r\n[\/vc_column_text][vc_column_text]\r\n<p style=\"text-align: left;\"><span style=\"color: #ffffff;\">Esse \u00e1lbum \u00e9 um Tributo Ancestral, uma homenagem dedicada ao Mestre Xam\u00e3 PENA BRANCA, protetor e mentor espiritual de Akai\u00ea Sramana.<\/span><\/p>\r\n[\/vc_column_text][vc_empty_space height=\"50px\" hide_on_mobile=\"\"][vc_btn title=\"COMPRE\" link=\"url:http%3A%2F%2Fakaiesramana.com%2Fmusic%2Fproduto%2Ftributo-ancestral%2F||target:%20_blank|\"][\/vc_column][\/vc_row][vc_row][vc_column icons_position=\"left\"][vc_empty_space height=\"50\" hide_on_mobile=\"\"][\/vc_column][\/vc_row][vc_row full_width=\"stretch_row_content\" full_height=\"yes\" parallax=\"content-moving\" css=\".vc_custom_1555445067851{margin-top: -12% !important;}\"][vc_column width=\"7\/12\" icons_position=\"left\"][vc_single_image image=\"859\" img_size=\"full\" alignment=\"right\"]<div id=\"sc_content_103581775\"\n\t\tclass=\"sc_content color_style_default sc_content_default sc_float_center\"><div class=\"sc_content_container\">[vc_row_inner][vc_column_inner width=\"1\/4\" icons_position=\"left\"][vc_empty_space hide_on_mobile=\"\"][\/vc_column_inner][vc_column_inner width=\"1\/2\" icons_position=\"left\"][vc_empty_space hide_on_mobile=\"\"][\/vc_column_inner][\/vc_row_inner]<\/div><\/div><!-- \/.sc_content -->[\/vc_column][vc_column width=\"5\/12\" icons_position=\"left\" css=\".vc_custom_1558027879916{margin-top: 20% !important;}\"][vc_column_text]\r\n<h4 style=\"text-align: left;\"><span style=\"color: #e55038;\">URUCUM VERMELHO<\/span><\/h4>\r\n[\/vc_column_text][vc_column_text]<span style=\"color: #e55038;\">O \u00e1lbum musical Urucum Vermelho apresenta um breve repert\u00f3rio da musicalidade regional e ind\u00edgena da cultura ayahuasqueira.<\/span>[\/vc_column_text][vc_empty_space height=\"50px\" hide_on_mobile=\"\"][vc_btn title=\"COMPRE\" color=\"danger\" link=\"url:http%3A%2F%2Fakaiesramana.com%2Fmusic%2Fproduto%2Furucum-vermelho%2F|title:URUCUM%20VERMELHO|target:%20_blank|\"][\/vc_column][\/vc_row][vc_row][vc_column icons_position=\"left\"][vc_empty_space height=\"50\" hide_on_mobile=\"\"][\/vc_column][\/vc_row][vc_row full_width=\"stretch_row_content\" full_height=\"yes\" parallax=\"content-moving\"][vc_column width=\"7\/12\" icons_position=\"left\"][vc_single_image image=\"858\" img_size=\"full\" alignment=\"right\"]<div id=\"sc_content_515489820\"\n\t\tclass=\"sc_content color_style_default sc_content_default sc_float_center\"><div class=\"sc_content_container\">[vc_row_inner][vc_column_inner width=\"1\/4\" icons_position=\"left\"][vc_empty_space hide_on_mobile=\"\"][\/vc_column_inner][vc_column_inner width=\"1\/2\" icons_position=\"left\"][vc_empty_space hide_on_mobile=\"\"][\/vc_column_inner][\/vc_row_inner]<\/div><\/div><!-- \/.sc_content -->[\/vc_column][vc_column width=\"5\/12\" icons_position=\"left\" css=\".vc_custom_1558027863461{margin-top: 20% !important;}\"][vc_column_text]\r\n<h4 style=\"text-align: left;\"><span style=\"color: #ffffff;\">JAYA AHOW - 2012<\/span><\/h4>\r\n[\/vc_column_text][vc_column_text]\r\n<p style=\"text-align: left;\"><span style=\"color: #ffffff;\">Jaya Ahow retrata os c\u00e2nticos sagrados da ALDEIA DE SHIVA. Ilustra o cerimonial do in\u00edcio ao encerramento da consagra\u00e7\u00e3o!<\/span><\/p>\r\n[\/vc_column_text][vc_empty_space height=\"50px\" hide_on_mobile=\"\"][vc_btn title=\"COMPRE\" link=\"url:http%3A%2F%2Fakaiesramana.com%2Fmusic%2Fproduto%2Fjaya-ahow%2F||target:%20_blank|\"][\/vc_column][\/vc_row][vc_row][vc_column icons_position=\"left\"][vc_empty_space height=\"50\" hide_on_mobile=\"\"][\/vc_column][\/vc_row][vc_row full_width=\"stretch_row_content\" full_height=\"yes\" parallax=\"content-moving\" css=\".vc_custom_1557955121822{margin-bottom: -23% !important;}\"][vc_column width=\"7\/12\" icons_position=\"left\"][vc_single_image image=\"857\" img_size=\"full\" alignment=\"right\"]<div id=\"sc_content_1756738304\"\n\t\tclass=\"sc_content color_style_default sc_content_default sc_float_center\"><div class=\"sc_content_container\">[vc_row_inner][vc_column_inner width=\"1\/4\" icons_position=\"left\"][vc_empty_space hide_on_mobile=\"\"][\/vc_column_inner][vc_column_inner width=\"1\/2\" icons_position=\"left\"][vc_empty_space hide_on_mobile=\"\"][\/vc_column_inner][\/vc_row_inner]<\/div><\/div><!-- \/.sc_content -->[\/vc_column][vc_column width=\"5\/12\" icons_position=\"left\" css=\".vc_custom_1558027332283{margin-top: 20% !important;}\"][vc_column_text]\r\n<h4 style=\"text-align: left;\"><span style=\"color: #ffffff;\">O CHAMADO DO XAM\u00c3 - 2011<\/span><\/h4>\r\n[\/vc_column_text][vc_column_text]<span style=\"color: #ffffff;\">O Chamado do Xam\u00e3 \u00e9 um convite da natureza para que possamos reconhecer a grandeza das medicinas ancestrais no contexto da consagra\u00e7\u00e3o.<\/span>[\/vc_column_text][vc_empty_space height=\"50px\" hide_on_mobile=\"\"][vc_btn title=\"COMPRE\" link=\"url:http%3A%2F%2Fakaiesramana.com%2Fmusic%2Fproduto%2Fo-chamado-do-xama%2F||target:%20_blank|\"][\/vc_column][\/vc_row]<\/div>[\/vc_column][\/vc_row]<\/p>\n","protected":false},"excerpt":{"rendered":"<p>[vc_row full_width=&#8221;stretch_row_content_no_spaces&#8221;][vc_column][rev_slider_vc alias=&#8221;discografia&#8221;][\/vc_column][\/vc_row][vc_row][vc_column][\/vc_column][\/vc_row]<\/p>\n","protected":false},"author":1,"featured_media":0,"parent":0,"menu_order":0,"comment_status":"closed","ping_status":"closed","template":"","meta":[],"_links":{"self":[{"href":"https:\/\/akaiesramana.com\/music\/wp-json\/wp\/v2\/pages\/757"}],"collection":[{"href":"https:\/\/akaiesramana.com\/music\/wp-json\/wp\/v2\/pages"}],"about":[{"href":"https:\/\/akaiesramana.com\/music\/wp-json\/wp\/v2\/types\/page"}],"author":[{"embeddable":true,"href":"https:\/\/akaiesramana.com\/music\/wp-json\/wp\/v2\/users\/1"}],"replies":[{"embeddable":true,"href":"https:\/\/akaiesramana.com\/music\/wp-json\/wp\/v2\/comments?post=757"}],"version-history":[{"count":7,"href":"https:\/\/akaiesramana.com\/music\/wp-json\/wp\/v2\/pages\/757\/revisions"}],"predecessor-version":[{"id":900,"href":"https:\/\/akaiesramana.com\/music\/wp-json\/wp\/v2\/pages\/757\/revisions\/900"}],"wp:attachment":[{"href":"https:\/\/akaiesramana.com\/music\/wp-json\/wp\/v2\/media?parent=757"}],"curies":[{"name":"wp","href":"https:\/\/api.w.org\/{rel}","templated":true}]}}