{"id":1173,"date":"2019-04-26T14:05:20","date_gmt":"2019-04-26T14:05:20","guid":{"rendered":"http:\/\/akaiesramana.com\/music\/?post_type=product&#038;p=1173"},"modified":"2022-08-23T19:40:28","modified_gmt":"2022-08-23T19:40:28","slug":"jaya-ahow","status":"publish","type":"product","link":"https:\/\/akaiesramana.com\/music\/produto\/jaya-ahow\/","title":{"rendered":"JAYA AHOW (CD Online MP3)"},"content":{"rendered":"<p><strong>FAIXAS<\/strong><\/p>\n<p>01 &#8211; Abertura das Cortinas<br \/>\n02 &#8211; Chamado de Pena Branca<br \/>\n03 &#8211; Chamado de Kronn<br \/>\n04 &#8211; Minhas Rainhas<br \/>\n05 &#8211; A Luz do Daime<br \/>\n06 &#8211; Pai Shivaya e Mae Terra<br \/>\n07 &#8211; Consci\u00eancia C\u00f3smica<br \/>\n08 &#8211; Adora\u00e7\u00e3o<br \/>\n09 &#8211; Totem<br \/>\n10 &#8211; Clareia<br \/>\n11 &#8211; Vem L\u00e1 do C\u00e9u<br \/>\n12 &#8211; Ilumina<br \/>\n13 &#8211; Fechamento das Cortinas<\/p>\n","protected":false},"excerpt":{"rendered":"<p><span style=\"color: #bc9e6c; font-family: Roboto, sans-serif; font-size: 14px; line-height: 1.7857em;\"><strong><span style=\"color: #bc9e6c;\">CD ONLINE (FAIXAS EM MP3)<br \/>\n<\/span><\/strong>MP3 &#8211; Download Dispon\u00edvel<\/span><\/p>\n<p><strong>JAYA AHOW<\/strong> &#8211; O \u00e1lbum Jaya Ahow retrata os c\u00e2nticos sagrados da ALDEIA DE SHIVA. Ilustra o cerimonial do in\u00edcio ao encerramento da consagra\u00e7\u00e3o.<\/p>\n","protected":false},"featured_media":1164,"comment_status":"open","ping_status":"closed","template":"","meta":[],"_links":{"self":[{"href":"https:\/\/akaiesramana.com\/music\/wp-json\/wp\/v2\/product\/1173"}],"collection":[{"href":"https:\/\/akaiesramana.com\/music\/wp-json\/wp\/v2\/product"}],"about":[{"href":"https:\/\/akaiesramana.com\/music\/wp-json\/wp\/v2\/types\/product"}],"replies":[{"embeddable":true,"href":"https:\/\/akaiesramana.com\/music\/wp-json\/wp\/v2\/comments?post=1173"}],"wp:featuredmedia":[{"embeddable":true,"href":"https:\/\/akaiesramana.com\/music\/wp-json\/wp\/v2\/media\/1164"}],"wp:attachment":[{"href":"https:\/\/akaiesramana.com\/music\/wp-json\/wp\/v2\/media?parent=1173"}],"curies":[{"name":"wp","href":"https:\/\/api.w.org\/{rel}","templated":true}]}}