{"id":1177,"date":"2019-04-26T14:48:13","date_gmt":"2019-04-26T14:48:13","guid":{"rendered":"http:\/\/akaiesramana.com\/music\/?post_type=product&#038;p=1177"},"modified":"2022-08-23T19:40:28","modified_gmt":"2022-08-23T19:40:28","slug":"jornadas-xamanicas","status":"publish","type":"product","link":"https:\/\/akaiesramana.com\/music\/produto\/jornadas-xamanicas\/","title":{"rendered":"JORNADAS XAM\u00c2NICAS (CD Online MP3)"},"content":{"rendered":"<p><strong>FAIXAS<\/strong><\/p>\n<p>01 &#8211; Jornada Xam\u00e2nica de Tambor<br \/>\n02 &#8211; Jornada Xam\u00e2nica dos Elementos<br \/>\n03 &#8211; Jornada Xam\u00e2nica de Eleva\u00e7\u00e3o<\/p>\n","protected":false},"excerpt":{"rendered":"<p><span style=\"color: #bc9e6c; font-family: Roboto, sans-serif; font-size: 14px; line-height: 1.7857em;\"><strong><span style=\"color: #bc9e6c;\">CD ONLINE (FAIXAS EM MP3)<br \/>\n<\/span><\/strong>MP3 &#8211; Download Dispon\u00edvel<\/span><\/p>\n<p><strong>JORNADAS XAM\u00c2NICAS<\/strong> &#8211; Esse \u00e1lbum retrata o ritmo e as batidas das Jornadas Xam\u00e2nicas e serve como um guia para as pr\u00e1ticas.<\/p>\n<p>&nbsp;<\/p>\n","protected":false},"featured_media":1165,"comment_status":"open","ping_status":"closed","template":"","meta":[],"_links":{"self":[{"href":"https:\/\/akaiesramana.com\/music\/wp-json\/wp\/v2\/product\/1177"}],"collection":[{"href":"https:\/\/akaiesramana.com\/music\/wp-json\/wp\/v2\/product"}],"about":[{"href":"https:\/\/akaiesramana.com\/music\/wp-json\/wp\/v2\/types\/product"}],"replies":[{"embeddable":true,"href":"https:\/\/akaiesramana.com\/music\/wp-json\/wp\/v2\/comments?post=1177"}],"wp:featuredmedia":[{"embeddable":true,"href":"https:\/\/akaiesramana.com\/music\/wp-json\/wp\/v2\/media\/1165"}],"wp:attachment":[{"href":"https:\/\/akaiesramana.com\/music\/wp-json\/wp\/v2\/media?parent=1177"}],"curies":[{"name":"wp","href":"https:\/\/api.w.org\/{rel}","templated":true}]}}