{"id":1180,"date":"2019-04-26T15:15:00","date_gmt":"2019-04-26T15:15:00","guid":{"rendered":"http:\/\/akaiesramana.com\/music\/?post_type=product&#038;p=1180"},"modified":"2024-07-02T21:31:56","modified_gmt":"2024-07-02T21:31:56","slug":"flautasxamanicas","status":"publish","type":"product","link":"https:\/\/akaiesramana.com\/music\/produto\/flautasxamanicas\/","title":{"rendered":"FLAUTAS XAM\u00c2NICAS (CD Online MP3)"},"content":{"rendered":"<p><strong>FAIXAS<\/strong><\/p>\n<p>01 &#8211; Pena Branca He Pepey<br \/>\n02 &#8211; Canto dos Yanquis<br \/>\n03 &#8211; Cores do Vento<br \/>\n04 &#8211; Can\u00e7\u00e3o de Amor<br \/>\n05 &#8211; Chamando o Verde<br \/>\n06 &#8211; Canto do Sol<br \/>\n07 &#8211; O \u00daltimo dos Moicanos<br \/>\n08 &#8211; Ave Maria<br \/>\n09 &#8211; O Voo do Gavi\u00e3o Real<br \/>\n10 &#8211; Chamando a Natureza<\/p>\n","protected":false},"excerpt":{"rendered":"<p><span style=\"color: #bc9e6c; font-family: Roboto, sans-serif; font-size: 14px; line-height: 1.7857em;\"><strong><span style=\"color: #bc9e6c;\">CD ONLINE (FAIXAS EM MP3)<br \/>\n<\/span><\/strong>MP3 &#8211; Download Dispon\u00edvel<\/span><\/p>\n<p><strong>FLAUTAS XAM\u00c2NICAS<\/strong> &#8211; Esse \u00e1lbum marca o ritmo dos cantos ancestrais atrav\u00e9s das flautas xam\u00e2nicas, conhecido como instrumento do vento.<\/p>\n","protected":false},"featured_media":1162,"comment_status":"open","ping_status":"closed","template":"","meta":[],"_links":{"self":[{"href":"https:\/\/akaiesramana.com\/music\/wp-json\/wp\/v2\/product\/1180"}],"collection":[{"href":"https:\/\/akaiesramana.com\/music\/wp-json\/wp\/v2\/product"}],"about":[{"href":"https:\/\/akaiesramana.com\/music\/wp-json\/wp\/v2\/types\/product"}],"replies":[{"embeddable":true,"href":"https:\/\/akaiesramana.com\/music\/wp-json\/wp\/v2\/comments?post=1180"}],"wp:featuredmedia":[{"embeddable":true,"href":"https:\/\/akaiesramana.com\/music\/wp-json\/wp\/v2\/media\/1162"}],"wp:attachment":[{"href":"https:\/\/akaiesramana.com\/music\/wp-json\/wp\/v2\/media?parent=1180"}],"curies":[{"name":"wp","href":"https:\/\/api.w.org\/{rel}","templated":true}]}}