{"id":1182,"date":"2019-04-26T15:24:43","date_gmt":"2019-04-26T15:24:43","guid":{"rendered":"http:\/\/akaiesramana.com\/music\/?post_type=product&#038;p=1182"},"modified":"2020-05-03T15:20:45","modified_gmt":"2020-05-03T15:20:45","slug":"flautas-nativas","status":"publish","type":"product","link":"https:\/\/akaiesramana.com\/music\/produto\/flautas-nativas\/","title":{"rendered":"FLAUTAS NATIVAS (CD Online MP3)"},"content":{"rendered":"<p><strong>FAIXAS\u00a0<\/strong><\/p>\n<p>01 &#8211; Canto dos Ancestrais<br \/>\n02 &#8211; Canto dos Ancestrais<br \/>\n03 &#8211; Canto da Paz<br \/>\n04 &#8211; Canto de Introspec\u00e7\u00e3o<br \/>\n05 &#8211; Canto de Eleva\u00e7\u00e3o<br \/>\n06 &#8211; Canto da Invoca\u00e7\u00e3o<br \/>\n07 &#8211; Canto de Pena Branca<br \/>\n08 &#8211; Canto do Vento<br \/>\n09 &#8211; Canto da Natureza<br \/>\n10 &#8211; Canto da Floresta<br \/>\n11 &#8211; Canto do Amanhecer<\/p>\n","protected":false},"excerpt":{"rendered":"<p><span style=\"color: #bc9e6c; font-family: Roboto, sans-serif; font-size: 14px; line-height: 1.7857em;\"><strong><span style=\"color: #bc9e6c;\">CD ONLINE (FAIXAS EM MP3)<br \/>\n<\/span><\/strong>MP3 &#8211; Download Dispon\u00edvel<\/span><\/p>\n<p><strong>FLAUTAS NATIVAS<\/strong> &#8211; O \u00e1lbum musical Flautas Nativas \u00e9 um convite do irm\u00e3o vento, para que possamos resgatar a beleza da natureza, mantendo a conex\u00e3o com o cora\u00e7\u00e3o.<\/p>\n","protected":false},"featured_media":1161,"comment_status":"open","ping_status":"closed","template":"","meta":[],"_links":{"self":[{"href":"https:\/\/akaiesramana.com\/music\/wp-json\/wp\/v2\/product\/1182"}],"collection":[{"href":"https:\/\/akaiesramana.com\/music\/wp-json\/wp\/v2\/product"}],"about":[{"href":"https:\/\/akaiesramana.com\/music\/wp-json\/wp\/v2\/types\/product"}],"replies":[{"embeddable":true,"href":"https:\/\/akaiesramana.com\/music\/wp-json\/wp\/v2\/comments?post=1182"}],"wp:featuredmedia":[{"embeddable":true,"href":"https:\/\/akaiesramana.com\/music\/wp-json\/wp\/v2\/media\/1161"}],"wp:attachment":[{"href":"https:\/\/akaiesramana.com\/music\/wp-json\/wp\/v2\/media?parent=1182"}],"curies":[{"name":"wp","href":"https:\/\/api.w.org\/{rel}","templated":true}]}}